{"id":199,"date":"2022-04-25T15:22:11","date_gmt":"2022-04-25T13:22:11","guid":{"rendered":"https:\/\/adria.koprda.sk\/?page_id=199"},"modified":"2022-05-03T16:11:36","modified_gmt":"2022-05-03T14:11:36","slug":"o-mne","status":"publish","type":"page","link":"https:\/\/adria.koprda.sk\/index.php\/o-mne\/","title":{"rendered":"O mne"},"content":{"rendered":"\n<div class=\"is-layout-flex wp-container-3 wp-block-columns\">\n<div class=\"is-layout-flow wp-block-column\" style=\"flex-basis:50%\">\n<p>Vol\u00e1m sa Adriana aka. Adria a t\u00fdmto portf\u00f3liom sa sna\u017e\u00edm pom\u00f4c\u0165 nielen sebe, ale aj kamar\u00e1tovi, ktor\u00fd na tejto str\u00e1nke pracuje z d\u00f4vodu z\u00e1vere\u010dn\u00e9ho zadania na predmet WebDev. Tento predmet viete n\u00e1js\u0165 na vysokej \u0161kole Univerzite sv. Cyrila a Metoda v Trnave, kde moment\u00e1lne \u0161tudujem. Konkr\u00e9tne na Fakulte Masmedi\u00e1lnej Komunik\u00e1cie (FMK) odbor Te\u00f3ria Digit\u00e1lnych Hier (TEDI). Na tejto \u0161kole som sa ocitla pr\u00e1ve preto, lebo okrem toho, \u017ee som v\u00e1\u0161niv\u00e1 hr\u00e1\u010dka, sa okrem streamingu venujem aj fotografick\u00e9mu umeniu, ktor\u00e9 je pre m\u0148a to najlep\u0161ie hobby, ak\u00e9 som kedy objavila. <\/p>\n<\/div>\n\n\n\n<div class=\"is-layout-flow wp-block-column\" style=\"flex-basis:50%\">\n<p>Fotografovaniu sa venujem u\u017e odmali\u010dka, lebo u\u017e v tej dobe som videla t\u00fa kr\u00e1snu kompoz\u00edciu farieb a v\u0161elijak\u00fdch drobn\u00fdch detailov nielen na ka\u017edodenn\u00fdch predmetoch, ale aj na \u013eu\u010foch \u010di v pr\u00edrode. Mus\u00edm uzna\u0165, \u017ee najviac m\u00e1 fascinuj\u00fa scen\u00e9rie nach\u00e1dzaj\u00face sa v pr\u00edrode, ale ak by mal niekto z\u00e1ujem o nejak\u00fd portr\u00e9t \u010di umeleck\u00fa fotografiu (v pr\u00edrode by to bolo najlep\u0161ie) tak sa mi sta\u010d\u00ed len ozva\u0165 na uveden\u00e9 kontakty. Sn\u00e1\u010f sa v\u00e1m bud\u00fa moje spr\u00edstupnen\u00e9 fotografie p\u00e1\u010di\u0165 a d\u00fafam, \u017ee vo v\u00e1s vyvolaj\u00fa aj ur\u010dit\u00fd pocit euf\u00f3rie, ktor\u00fd c\u00edtim skoro z ka\u017edej zhotovenej fotografie.<\/p>\n<\/div>\n<\/div>\n","protected":false},"excerpt":{"rendered":"<p>Vol\u00e1m sa Adriana aka. Adria a t\u00fdmto portf\u00f3liom sa sna\u017e\u00edm pom\u00f4c\u0165 nielen sebe, ale aj kamar\u00e1tovi, ktor\u00fd na tejto str\u00e1nke pracuje z d\u00f4vodu z\u00e1vere\u010dn\u00e9ho zadania na predmet WebDev. Tento predmet viete n\u00e1js\u0165 na vysokej \u0161kole Univerzite sv. Cyrila a Metoda v Trnave, kde moment\u00e1lne \u0161tudujem. Konkr\u00e9tne na Fakulte Masmedi\u00e1lnej Komunik\u00e1cie (FMK) odbor Te\u00f3ria Digit\u00e1lnych Hier [&hellip;]<\/p>\n","protected":false},"author":1,"featured_media":0,"parent":0,"menu_order":0,"comment_status":"closed","ping_status":"closed","template":"","meta":[],"_links":{"self":[{"href":"https:\/\/adria.koprda.sk\/index.php\/wp-json\/wp\/v2\/pages\/199"}],"collection":[{"href":"https:\/\/adria.koprda.sk\/index.php\/wp-json\/wp\/v2\/pages"}],"about":[{"href":"https:\/\/adria.koprda.sk\/index.php\/wp-json\/wp\/v2\/types\/page"}],"author":[{"embeddable":true,"href":"https:\/\/adria.koprda.sk\/index.php\/wp-json\/wp\/v2\/users\/1"}],"replies":[{"embeddable":true,"href":"https:\/\/adria.koprda.sk\/index.php\/wp-json\/wp\/v2\/comments?post=199"}],"version-history":[{"count":5,"href":"https:\/\/adria.koprda.sk\/index.php\/wp-json\/wp\/v2\/pages\/199\/revisions"}],"predecessor-version":[{"id":231,"href":"https:\/\/adria.koprda.sk\/index.php\/wp-json\/wp\/v2\/pages\/199\/revisions\/231"}],"wp:attachment":[{"href":"https:\/\/adria.koprda.sk\/index.php\/wp-json\/wp\/v2\/media?parent=199"}],"curies":[{"name":"wp","href":"https:\/\/api.w.org\/{rel}","templated":true}]}}